{"id":34,"date":"2013-03-20T21:44:31","date_gmt":"2013-03-20T19:44:31","guid":{"rendered":"http:\/\/addon-edelweisstrychler.schaerligbad.ch\/?page_id=34"},"modified":"2025-03-05T00:45:22","modified_gmt":"2025-03-04T23:45:22","slug":"shop","status":"publish","type":"page","link":"https:\/\/www.edelweisstrychler.ch\/?page_id=34","title":{"rendered":"Kontakt\/Shop"},"content":{"rendered":"<p style=\"text-align: center;\"><b><b>Unsere Trychler-CD &#8220;\u00c4lplerl\u00e4be&#8221; von unserer CD-Taufe 2007, <\/b><\/b><b><b>ist immer&nbsp;noch erh\u00e4ltlich. <\/b><\/b><\/p>\n<p style=\"text-align: center;\"><strong>CD:<\/strong> 28.00 CHF<br \/>\n<strong>MC:<\/strong> 22.00 CHF<\/p>\n<p style=\"text-align: center;\"><strong>Neu auch Cap in zwei verschiedenen<br \/>\n<\/strong><strong>Formen und Kappe erh\u00e4ltlich.<br \/>\n<\/strong><!-- x-tinymce\/html --><strong><a href=\"https:\/\/www.edelweisstrychler.ch\/wp-content\/uploads\/2013\/03\/DSC_0058-e1462781234681.jpg\"><img loading=\"lazy\" decoding=\"async\" class=\"aligncenter wp-image-1741 size-large\" src=\"https:\/\/www.edelweisstrychler.ch\/wp-content\/uploads\/2013\/03\/DSC_0058-e1462781234681-680x1024.jpg\" alt=\"\" width=\"680\" height=\"1024\" srcset=\"https:\/\/www.edelweisstrychler.ch\/wp-content\/uploads\/2013\/03\/DSC_0058-e1462781234681-680x1024.jpg 680w, https:\/\/www.edelweisstrychler.ch\/wp-content\/uploads\/2013\/03\/DSC_0058-e1462781234681-199x300.jpg 199w, https:\/\/www.edelweisstrychler.ch\/wp-content\/uploads\/2013\/03\/DSC_0058-e1462781234681-768x1156.jpg 768w, https:\/\/www.edelweisstrychler.ch\/wp-content\/uploads\/2013\/03\/DSC_0058-e1462781234681-660x994.jpg 660w, https:\/\/www.edelweisstrychler.ch\/wp-content\/uploads\/2013\/03\/DSC_0058-e1462781234681-240x361.jpg 240w\" sizes=\"auto, (max-width: 680px) 100vw, 680px\" \/><\/a><\/strong>St\u00fcck je 15.00 CHF<\/p>\n<p style=\"text-align: center;\"><b><b><br \/>\nKontakt oder Bestellung bequem per Telefon oder Mail:<\/b><\/b><\/p>\n<p style=\"text-align: center;\"><strong>Kontaktadresse:<br \/>\n<\/strong>Markus Bucher<br \/>\nK\u00fchboden<br \/>\n6192 Wiggen<\/p>\n<p style=\"text-align: center;\">Telefon 041 486 11 13<br \/>\nNatel&nbsp;&nbsp;&nbsp;&nbsp;&nbsp;079 463 06 54<br \/>\nm.bucher182@gmail.com<\/p>\n","protected":false},"excerpt":{"rendered":"<p>Unsere Trychler-CD &#8220;\u00c4lplerl\u00e4be&#8221; von unserer CD-Taufe 2007, ist immer&nbsp;noch erh\u00e4ltlich.<span class=\"more-button\"><a href=\"https:\/\/www.edelweisstrychler.ch\/?page_id=34\" class=\"more-link\">Continue reading<span class=\"screen-reader-text\">Kontakt\/Shop<\/span><\/a><\/span><\/p>\n","protected":false},"author":1,"featured_media":0,"parent":0,"menu_order":7,"comment_status":"closed","ping_status":"closed","template":"templates\/full-width-page.php","meta":{"ngg_post_thumbnail":0,"footnotes":""},"class_list":["post-34","page","type-page","status-publish","hentry"],"_links":{"self":[{"href":"https:\/\/www.edelweisstrychler.ch\/index.php?rest_route=\/wp\/v2\/pages\/34","targetHints":{"allow":["GET"]}}],"collection":[{"href":"https:\/\/www.edelweisstrychler.ch\/index.php?rest_route=\/wp\/v2\/pages"}],"about":[{"href":"https:\/\/www.edelweisstrychler.ch\/index.php?rest_route=\/wp\/v2\/types\/page"}],"author":[{"embeddable":true,"href":"https:\/\/www.edelweisstrychler.ch\/index.php?rest_route=\/wp\/v2\/users\/1"}],"replies":[{"embeddable":true,"href":"https:\/\/www.edelweisstrychler.ch\/index.php?rest_route=%2Fwp%2Fv2%2Fcomments&post=34"}],"version-history":[{"count":22,"href":"https:\/\/www.edelweisstrychler.ch\/index.php?rest_route=\/wp\/v2\/pages\/34\/revisions"}],"predecessor-version":[{"id":3446,"href":"https:\/\/www.edelweisstrychler.ch\/index.php?rest_route=\/wp\/v2\/pages\/34\/revisions\/3446"}],"wp:attachment":[{"href":"https:\/\/www.edelweisstrychler.ch\/index.php?rest_route=%2Fwp%2Fv2%2Fmedia&parent=34"}],"curies":[{"name":"wp","href":"https:\/\/api.w.org\/{rel}","templated":true}]}}