{"id":13,"date":"2013-03-20T20:19:12","date_gmt":"2013-03-20T18:19:12","guid":{"rendered":"http:\/\/addon-edelweisstrychler.schaerligbad.ch\/?page_id=13"},"modified":"2023-01-16T10:06:51","modified_gmt":"2023-01-16T09:06:51","slug":"geschichte","status":"publish","type":"page","link":"https:\/\/www.edelweisstrychler.ch\/?page_id=13","title":{"rendered":"Geschichte"},"content":{"rendered":"<h4>Wie alles begann&#8230;<\/h4>\n<p>Es war an einem Wintermorgen im Februar 95&#8242; als es die Situation des&nbsp; Bauernstandes an einem Punkt angelangt war, an der sie ihrem Unmut Luft machen&nbsp; wollten. Auch der 2. Winterkurs der Landwirtschaftlichen Schule Sch\u00fcpfheim nahm&nbsp; an der Bauerndemonstration in Bern teil. Es machten sich 20 Leute mit Trychlen und Transparenten auf den Weg.<\/p>\n<p>Die Erlebnisse an diesem Tag bewegten einige von ihnen so stark, dass ihre&nbsp; Begeisterung auf andere \u00fcbergriff. Die Idee, eine Trychlergruppe zu gr\u00fcnden, war&nbsp;in diesem Augenblick geboren.<\/p>\n<p>In den darauf folgenden zwei Jahren konnten wir schon einige Auftritte absolvieren. Darunter auch unser erster bei unseren Berufskollegen, in Hohenrain, an ihrer Weihnachtsfeier. Auch haben wir an der LUGA in Luzern einen grossartigen Abend erleben d\u00fcrfen.<\/p>\n<p>Am 10. M\u00e4rz 1997 war es dann soweit. Wir durften unsere Gr\u00fcndungsversammlung im Restaurant Sch\u00e4rligbad bei Marbach abhalten. Unser Pr\u00e4sident, Bucher Marcel, konnte an diesem Abend 18 Mitglieder begr\u00fcssen. Sp\u00e4ter wurden daraus 20 Vereinsmitglieder.<\/p>\n<p>Seit diesem Tag bem\u00fchen wir uns, stets ein gutes Programm an unseren Auftritten f\u00fcr&nbsp; die Fans einzustudieren. Auch Probieren wir immer mal wieder neue Schritte aus&nbsp;um unser Repertoire zu vergr\u00f6ssern. Wir hoffen zu eurer Zufriedenheit.<\/p>\n","protected":false},"excerpt":{"rendered":"<p>Wie alles begann&#8230; Es war an einem Wintermorgen im Februar<span class=\"more-button\"><a href=\"https:\/\/www.edelweisstrychler.ch\/?page_id=13\" class=\"more-link\">Continue reading<span class=\"screen-reader-text\">Geschichte<\/span><\/a><\/span><\/p>\n","protected":false},"author":1,"featured_media":0,"parent":0,"menu_order":2,"comment_status":"closed","ping_status":"closed","template":"templates\/full-width-page.php","meta":{"ngg_post_thumbnail":0,"footnotes":""},"class_list":["post-13","page","type-page","status-publish","hentry"],"_links":{"self":[{"href":"https:\/\/www.edelweisstrychler.ch\/index.php?rest_route=\/wp\/v2\/pages\/13","targetHints":{"allow":["GET"]}}],"collection":[{"href":"https:\/\/www.edelweisstrychler.ch\/index.php?rest_route=\/wp\/v2\/pages"}],"about":[{"href":"https:\/\/www.edelweisstrychler.ch\/index.php?rest_route=\/wp\/v2\/types\/page"}],"author":[{"embeddable":true,"href":"https:\/\/www.edelweisstrychler.ch\/index.php?rest_route=\/wp\/v2\/users\/1"}],"replies":[{"embeddable":true,"href":"https:\/\/www.edelweisstrychler.ch\/index.php?rest_route=%2Fwp%2Fv2%2Fcomments&post=13"}],"version-history":[{"count":12,"href":"https:\/\/www.edelweisstrychler.ch\/index.php?rest_route=\/wp\/v2\/pages\/13\/revisions"}],"predecessor-version":[{"id":3139,"href":"https:\/\/www.edelweisstrychler.ch\/index.php?rest_route=\/wp\/v2\/pages\/13\/revisions\/3139"}],"wp:attachment":[{"href":"https:\/\/www.edelweisstrychler.ch\/index.php?rest_route=%2Fwp%2Fv2%2Fmedia&parent=13"}],"curies":[{"name":"wp","href":"https:\/\/api.w.org\/{rel}","templated":true}]}}